{"id":2,"date":"2024-08-04T08:33:24","date_gmt":"2024-08-04T06:33:24","guid":{"rendered":"https:\/\/www.kabelszabo.hu\/?page_id=2"},"modified":"2025-10-06T10:00:39","modified_gmt":"2025-10-06T08:00:39","slug":"ez-egy-minta-oldal","status":"publish","type":"page","link":"https:\/\/www.kabelszabo.hu\/?page_id=2","title":{"rendered":"Ez egy minta oldal"},"content":{"rendered":"\n<p>Ez egy mintaoldal. Az oldal k\u00fcl\u00f6nb\u00f6zik a bejegyz\u00e9st\u0151l annyiban, hogy az oldal egy \u00e1lland\u00f3 tartalm\u00fa bejegyz\u00e9s, ami &#8211; a legt\u00f6bb sablonn\u00e1l &#8211; a weboldal navig\u00e1ci\u00f3s r\u00e9sz\u00e9ben \u00e1lland\u00f3 helyen van.\nA legt\u00f6bb ember olyan Bemutatkoz\u00f3 oldallal kezd, amelyik bemutatja \u0151t, vagy a tev\u00e9kenys\u00e9g\u00e9t a weboldal l\u00e1togat\u00f3inak. A Bemutatkoz\u00e1s oldal valami ilyesmi lehet:<\/p>\n\n\n\n<blockquote class=\"wp-block-quote is-layout-flow wp-block-quote-is-layout-flow\">\n<p>\u00dcdv\u00f6zlet az Olvas\u00f3knak! Nappal biciklis pizzafut\u00e1r vagyok, \u00e9jszaka pedig egy t\u00f6rekv\u0151 sz\u00edn\u00e9sz-tanonc, ez pedig az \u00e9n weboldalam.<br>Budapesten \u00e9lek \u00e9s van egy csod\u00e1latos n\u00e9met juh\u00e1sz kuty\u00e1m, aki Velorex n\u00e9vre hallgat. Kedvenc kokt\u00e9lom a Pi\u00f1a Colada, de a Mojitot is nagyon kedvelem. (De, az\u00e9rt az igazi ned\u0171: egy b\u00e1rsonyos v\u00f6r\u00f6sbor.)<\/p>\n<\/blockquote>\n\n\n\n<p>\u2026vagy valami eg\u00e9szen m\u00e1s:<\/p>\n\n\n\n<blockquote class=\"wp-block-quote is-layout-flow wp-block-quote-is-layout-flow\">\n<p>Az XYZ Bigy\u00f3 V\u00e1llalatot 1971-ben alap\u00edtott\u00e1k, az\u00f3ta gy\u00e1rtja a legjobb min\u0151s\u00e9g\u0171 bigy\u00f3kat. A c\u00e9g k\u00f6zpontja Budapesten tal\u00e1lhat\u00f3, ahol t\u00f6bb mint 2000 embert foglalkoztatnak, valamint sz\u00e1mos k\u00f6z\u00f6ss\u00e9gi \u00e9s j\u00f3t\u00e9konys\u00e1gi programban is akt\u00edvan r\u00e9sztvesznek.<\/p>\n<\/blockquote>\n","protected":false},"excerpt":{"rendered":"<p>Ez egy mintaoldal. Az oldal k\u00fcl\u00f6nb\u00f6zik a bejegyz\u00e9st\u0151l annyiban, hogy az oldal egy \u00e1lland\u00f3 tartalm\u00fa bejegyz\u00e9s, ami &#8211; a legt\u00f6bb sablonn\u00e1l &#8211; a weboldal navig\u00e1ci\u00f3s r\u00e9sz\u00e9ben \u00e1lland\u00f3 helyen van. A legt\u00f6bb ember olyan Bemutatkoz\u00f3 oldallal kezd, amelyik bemutatja \u0151t, vagy a tev\u00e9kenys\u00e9g\u00e9t a weboldal l\u00e1togat\u00f3inak. A Bemutatkoz\u00e1s oldal valami ilyesmi lehet: \u00dcdv\u00f6zlet az Olvas\u00f3knak! Nappal [&hellip;]<\/p>\n","protected":false},"author":1,"featured_media":0,"parent":0,"menu_order":0,"comment_status":"closed","ping_status":"open","template":"","meta":{"_monsterinsights_skip_tracking":false,"_monsterinsights_sitenote_active":false,"_monsterinsights_sitenote_note":"","_monsterinsights_sitenote_category":0,"footnotes":""},"class_list":["post-2","page","type-page","status-publish","hentry"],"yoast_head":"<!-- This site is optimized with the Yoast SEO plugin v23.2 - https:\/\/yoast.com\/wordpress\/plugins\/seo\/ -->\n<title>Ez egy minta oldal - K\u00e1belszab\u00f3<\/title>\n<meta name=\"robots\" content=\"index, follow, max-snippet:-1, max-image-preview:large, max-video-preview:-1\" \/>\n<link rel=\"canonical\" href=\"https:\/\/www.kabelszabo.hu\/?page_id=2\" \/>\n<meta property=\"og:locale\" content=\"hu_HU\" \/>\n<meta property=\"og:type\" content=\"article\" \/>\n<meta property=\"og:title\" content=\"Ez egy minta oldal - K\u00e1belszab\u00f3\" \/>\n<meta property=\"og:description\" content=\"Ez egy mintaoldal. Az oldal k\u00fcl\u00f6nb\u00f6zik a bejegyz\u00e9st\u0151l annyiban, hogy az oldal egy \u00e1lland\u00f3 tartalm\u00fa bejegyz\u00e9s, ami &#8211; a legt\u00f6bb sablonn\u00e1l &#8211; a weboldal navig\u00e1ci\u00f3s r\u00e9sz\u00e9ben \u00e1lland\u00f3 helyen van. A legt\u00f6bb ember olyan Bemutatkoz\u00f3 oldallal kezd, amelyik bemutatja \u0151t, vagy a tev\u00e9kenys\u00e9g\u00e9t a weboldal l\u00e1togat\u00f3inak. A Bemutatkoz\u00e1s oldal valami ilyesmi lehet: \u00dcdv\u00f6zlet az Olvas\u00f3knak! Nappal [&hellip;]\" \/>\n<meta property=\"og:url\" content=\"https:\/\/www.kabelszabo.hu\/?page_id=2\" \/>\n<meta property=\"og:site_name\" content=\"K\u00e1belszab\u00f3\" \/>\n<meta property=\"article:modified_time\" content=\"2025-10-06T08:00:39+00:00\" \/>\n<meta name=\"twitter:card\" content=\"summary_large_image\" \/>\n<meta name=\"twitter:label1\" content=\"Becs\u00fclt olvas\u00e1si id\u0151\" \/>\n\t<meta name=\"twitter:data1\" content=\"1 perc\" \/>\n<script type=\"application\/ld+json\" class=\"yoast-schema-graph\">{\"@context\":\"https:\/\/schema.org\",\"@graph\":[{\"@type\":\"WebPage\",\"@id\":\"https:\/\/www.kabelszabo.hu\/?page_id=2\",\"url\":\"https:\/\/www.kabelszabo.hu\/?page_id=2\",\"name\":\"Ez egy minta oldal - K\u00e1belszab\u00f3\",\"isPartOf\":{\"@id\":\"https:\/\/www.kabelszabo.hu\/#website\"},\"datePublished\":\"2024-08-04T06:33:24+00:00\",\"dateModified\":\"2025-10-06T08:00:39+00:00\",\"breadcrumb\":{\"@id\":\"https:\/\/www.kabelszabo.hu\/?page_id=2#breadcrumb\"},\"inLanguage\":\"hu\",\"potentialAction\":[{\"@type\":\"ReadAction\",\"target\":[\"https:\/\/www.kabelszabo.hu\/?page_id=2\"]}]},{\"@type\":\"BreadcrumbList\",\"@id\":\"https:\/\/www.kabelszabo.hu\/?page_id=2#breadcrumb\",\"itemListElement\":[{\"@type\":\"ListItem\",\"position\":1,\"name\":\"Home\",\"item\":\"https:\/\/www.kabelszabo.hu\/\"},{\"@type\":\"ListItem\",\"position\":2,\"name\":\"Ez egy minta oldal\"}]},{\"@type\":\"WebSite\",\"@id\":\"https:\/\/www.kabelszabo.hu\/#website\",\"url\":\"https:\/\/www.kabelszabo.hu\/\",\"name\":\"K\u00e1belszab\u00f3\",\"description\":\"\",\"potentialAction\":[{\"@type\":\"SearchAction\",\"target\":{\"@type\":\"EntryPoint\",\"urlTemplate\":\"https:\/\/www.kabelszabo.hu\/?s={search_term_string}\"},\"query-input\":\"required name=search_term_string\"}],\"inLanguage\":\"hu\"}]}<\/script>\n<!-- \/ Yoast SEO plugin. -->","yoast_head_json":{"title":"Ez egy minta oldal - K\u00e1belszab\u00f3","robots":{"index":"index","follow":"follow","max-snippet":"max-snippet:-1","max-image-preview":"max-image-preview:large","max-video-preview":"max-video-preview:-1"},"canonical":"https:\/\/www.kabelszabo.hu\/?page_id=2","og_locale":"hu_HU","og_type":"article","og_title":"Ez egy minta oldal - K\u00e1belszab\u00f3","og_description":"Ez egy mintaoldal. Az oldal k\u00fcl\u00f6nb\u00f6zik a bejegyz\u00e9st\u0151l annyiban, hogy az oldal egy \u00e1lland\u00f3 tartalm\u00fa bejegyz\u00e9s, ami &#8211; a legt\u00f6bb sablonn\u00e1l &#8211; a weboldal navig\u00e1ci\u00f3s r\u00e9sz\u00e9ben \u00e1lland\u00f3 helyen van. A legt\u00f6bb ember olyan Bemutatkoz\u00f3 oldallal kezd, amelyik bemutatja \u0151t, vagy a tev\u00e9kenys\u00e9g\u00e9t a weboldal l\u00e1togat\u00f3inak. A Bemutatkoz\u00e1s oldal valami ilyesmi lehet: \u00dcdv\u00f6zlet az Olvas\u00f3knak! Nappal [&hellip;]","og_url":"https:\/\/www.kabelszabo.hu\/?page_id=2","og_site_name":"K\u00e1belszab\u00f3","article_modified_time":"2025-10-06T08:00:39+00:00","twitter_card":"summary_large_image","twitter_misc":{"Becs\u00fclt olvas\u00e1si id\u0151":"1 perc"},"schema":{"@context":"https:\/\/schema.org","@graph":[{"@type":"WebPage","@id":"https:\/\/www.kabelszabo.hu\/?page_id=2","url":"https:\/\/www.kabelszabo.hu\/?page_id=2","name":"Ez egy minta oldal - K\u00e1belszab\u00f3","isPartOf":{"@id":"https:\/\/www.kabelszabo.hu\/#website"},"datePublished":"2024-08-04T06:33:24+00:00","dateModified":"2025-10-06T08:00:39+00:00","breadcrumb":{"@id":"https:\/\/www.kabelszabo.hu\/?page_id=2#breadcrumb"},"inLanguage":"hu","potentialAction":[{"@type":"ReadAction","target":["https:\/\/www.kabelszabo.hu\/?page_id=2"]}]},{"@type":"BreadcrumbList","@id":"https:\/\/www.kabelszabo.hu\/?page_id=2#breadcrumb","itemListElement":[{"@type":"ListItem","position":1,"name":"Home","item":"https:\/\/www.kabelszabo.hu\/"},{"@type":"ListItem","position":2,"name":"Ez egy minta oldal"}]},{"@type":"WebSite","@id":"https:\/\/www.kabelszabo.hu\/#website","url":"https:\/\/www.kabelszabo.hu\/","name":"K\u00e1belszab\u00f3","description":"","potentialAction":[{"@type":"SearchAction","target":{"@type":"EntryPoint","urlTemplate":"https:\/\/www.kabelszabo.hu\/?s={search_term_string}"},"query-input":"required name=search_term_string"}],"inLanguage":"hu"}]}},"_links":{"self":[{"href":"https:\/\/www.kabelszabo.hu\/index.php?rest_route=\/wp\/v2\/pages\/2","targetHints":{"allow":["GET"]}}],"collection":[{"href":"https:\/\/www.kabelszabo.hu\/index.php?rest_route=\/wp\/v2\/pages"}],"about":[{"href":"https:\/\/www.kabelszabo.hu\/index.php?rest_route=\/wp\/v2\/types\/page"}],"author":[{"embeddable":true,"href":"https:\/\/www.kabelszabo.hu\/index.php?rest_route=\/wp\/v2\/users\/1"}],"replies":[{"embeddable":true,"href":"https:\/\/www.kabelszabo.hu\/index.php?rest_route=%2Fwp%2Fv2%2Fcomments&post=2"}],"version-history":[{"count":1,"href":"https:\/\/www.kabelszabo.hu\/index.php?rest_route=\/wp\/v2\/pages\/2\/revisions"}],"predecessor-version":[{"id":7,"href":"https:\/\/www.kabelszabo.hu\/index.php?rest_route=\/wp\/v2\/pages\/2\/revisions\/7"}],"wp:attachment":[{"href":"https:\/\/www.kabelszabo.hu\/index.php?rest_route=%2Fwp%2Fv2%2Fmedia&parent=2"}],"curies":[{"name":"wp","href":"https:\/\/api.w.org\/{rel}","templated":true}]}}